{"id":2007,"date":"2025-03-30T20:16:50","date_gmt":"2025-03-30T19:16:50","guid":{"rendered":"https:\/\/www.beccaccia.hr\/?page_id=2007"},"modified":"2025-03-31T19:30:15","modified_gmt":"2025-03-31T18:30:15","slug":"izjava-o-kolacicima","status":"publish","type":"page","link":"https:\/\/www.beccaccia.hr\/hr\/izjava-o-kolacicima\/","title":{"rendered":"Izjava o kola\u010di\u0107ima"},"content":{"rendered":"<p><span style=\"font-weight: 400;\">Za ispravan rad ove web stranice, te u svrhu daljnjih unaprje\u0111ivanja servisa, ova web stranica treba na va\u0161e ra\u010dunalo spremiti malenu koli\u010dinu informacija (Kola\u010di\u0107 &#8211; Cookies). Kori\u0161tenjem web stranice dajete svoj pristanak na upotrebu i spremanje kola\u010di\u0107a. Njihovim blokiranjem i dalje mo\u017eete pregledavati stranicu, no neke \u0107e njezine funkcionalnosti biti nedostupne ili limitirane.<\/span><\/p>\n<p><span style=\"font-weight: 400;\">Na\u0161a politika o kola\u010di\u0107ima obja\u0161njava \u0161to su kola\u010di\u0107i, kako mi koristimo kola\u010di\u0107e, kakav izbor imate u vezi kola\u010di\u0107a i kako mo\u017eete prona\u0107i dodatne informacije o kola\u010di\u0107ima.<\/span><\/p>\n<ol>\n<li><b>\u0160to su kola\u010di\u0107i?<\/b><\/li>\n<\/ol>\n<p><span style=\"font-weight: 400;\">Kola\u010di\u0107 je informacija spremljena na Va\u0161e ra\u010dunalo od strane web stranice koju posjetite. Kola\u010di\u0107i obi\u010dno spremaju Va\u0161e postavke, postavke za web stranicu, kao \u0161to su preferirani jezik ili adresa. Kasnije, kada opet otvorite istu web stranicu, internetski preglednik \u0161alje natrag kola\u010di\u0107e koji pripadaju toj stranici. Ovo omogu\u0107ava stranici da prika\u017ee informacije prilago\u0111ene Va\u0161im potrebama. Kola\u010di\u0107i mogu spremati \u0161irok raspon informacija uklju\u010duju\u0107i i osobne informacije (kao \u0161to je Va\u0161e ime ili adresa e-po\u0161te). Ipak, navedene informacije ne mogu biti spremljene bez da im Vi to omogu\u0107ite tj. web stranice ne mogu dobiti pristup informacijama koji im niste dali i ne mogu pristupiti drugim datotekama na Va\u0161em ra\u010dunalu. Zadane aktivnosti spremanja i slanja kola\u010di\u0107a nisu Vam vidljive. Ipak, postavke internetskog preglednika mo\u017eete promijeniti i tako sami izabrati ho\u0107ete li zahtjeve za spremanje kola\u010di\u0107a odobriti ili odbiti, te pobrisati spremljene kola\u010di\u0107e automatski pri zatvaranju internetskog preglednika i sli\u010dno.<\/span><\/p>\n<ol start=\"2\">\n<li><b>Kakve kola\u010di\u0107e koristimo i za\u0161to?<\/b><\/li>\n<\/ol>\n<p><span style=\"font-weight: 400;\">Privremeni kola\u010di\u0107i (session cookies) uklanjaju se s ra\u010dunala po zatvaranju internetskog preglednika. Pomo\u0107u njih web-mjesta pohranjuju privremene podatke. Mi ih koristimo da omogu\u0107imo pristup sadr\u017eaju odnosno za spremanje jezika prikaza stranice.<\/span><\/p>\n<p><span style=\"font-weight: 400;\">Trajni ili spremljeni kola\u010di\u0107i ostaju na ra\u010dunalu nakon zatvaranja internetskog preglednika. Pomo\u0107u njih web-mjesta pohranjuju podatke, kao \u0161to su ime za prijavu i zaporka, tako da se ne morate prijavljivati prilikom svakog posjeta odre\u0111enom mjestu. Trajni kola\u010di\u0107i ostat \u0107e na ra\u010dunalu danima, mjesecima, \u010dak i godinama. Mi koristimo trajne kola\u010di\u0107e kako bi bolje razumjeli navike korisnika, tako da mo\u017eemo pobolj\u0161ati stranicu prema va\u0161im navikama. Ova informacija je anonimna &#8211; ne vidimo individualne podatke korisnika.<\/span><\/p>\n<p><span style=\"font-weight: 400;\">Kola\u010di\u0107i u trajanju od 30 dana koriste se da se ne prikazuje obavijest o kola\u010di\u0107ima nakon \u0161to ste je prihvatili.<\/span><\/p>\n<p><span style=\"font-weight: 400;\">Ako koristite na\u0161u web stranicu bez promjene postavki preglednika, pretpostavit \u0107emo da ste suglasni s primanjem svih kola\u010di\u0107a s na\u0161e web-stranice. Ve\u0107ina preglednika nudi mogu\u0107nost brisanja pojedina\u010dnih kola\u010di\u0107a, uklju\u010duju\u0107i i kola\u010di\u0107e na\u0161e web stranice.<\/span><\/p>\n<ol start=\"3\">\n<li><b><\/b> <b>Kola\u010di\u0107i tre\u0107e strane koji se spremaju kod kori\u0161tenja vanjskih servisa<\/b><\/li>\n<\/ol>\n<p><span style=\"font-weight: 400;\">Postoji vi\u0161e vanjskih servisa koji korisniku mogu spremati ograni\u010dene kola\u010di\u0107e. Ovi kola\u010di\u0107i nisu spremljeni od strane ove web stranice, ali neki slu\u017ee za normalno funkcioniranje nekih mogu\u0107nosti te za lak\u0161i pristup sadr\u017eaju. Vanjski servisi koji se koriste a mogu postaviti kola\u010di\u0107e su:<\/span><\/p>\n<ul>\n<li style=\"font-weight: 400;\" aria-level=\"1\"><span style=\"font-weight: 400;\">Google analytics<\/span><\/li>\n<li style=\"font-weight: 400;\" aria-level=\"1\"><span style=\"font-weight: 400;\">Google reCaptcha<\/span><\/li>\n<\/ul>\n<ol start=\"4\">\n<li><b>Kakav izbor imate u vezi kola\u010di\u0107a<\/b><\/li>\n<\/ol>\n<p><span style=\"font-weight: 400;\">Onemogu\u0107avanjem pospremanja kola\u010di\u0107a odlu\u010dujete ho\u0107ete li dopustiti pohranjivanje kola\u010di\u0107a na va\u0161em ra\u010dunalu. Postavke kola\u010di\u0107a se kontroliraju i ure\u0111uju unutar va\u0161eg web preglednika. \u017delite li u bilo kojem trenutku izbrisati ili onemogu\u0107iti kola\u010di\u0107e na svojem ra\u010dunalu, mo\u017eete a\u017eurirati postavke svojeg internetskog pretra\u017eiva\u010da (informacije o na\u010dinu brisanja i onemogu\u0107avanja kola\u010di\u0107a potra\u017eite na svojem pretra\u017eiva\u010du odabirom izbornika \u201eHelp\u201c). Obavezni smo napomenuti kako onemogu\u0107avanjem kola\u010di\u0107a, ne\u0107ete mo\u0107i koristiti neke funkcionalnosti ove web stranice.<\/span><\/p>\n<p><span style=\"font-weight: 400;\">Ako \u017eelite saznati vi\u0161e o kola\u010di\u0107ima, uklju\u010duju\u0107i i informacije o tome kako se kola\u010di\u0107i postavljaju te kako mo\u017eete upravljati njima ili ih isklju\u010diti, posjetite sljede\u0107e web stranice:<\/span><\/p>\n<ul>\n<li style=\"font-weight: 400;\" aria-level=\"1\"><a href=\"http:\/\/www.allaboutcookies.org\/\"><span style=\"font-weight: 400;\">www.allaboutcookies.org<\/span><\/a><\/li>\n<li style=\"font-weight: 400;\" aria-level=\"1\"><a href=\"http:\/\/www.youronlinechoices.eu\/\"><span style=\"font-weight: 400;\">www.youronlinechoices.eu<\/span><\/a><span style=\"font-weight: 400;\">.<\/span><\/li>\n<\/ul>\n<p><span style=\"font-weight: 400;\">Ako \u017eelite onemogu\u0107iti pra\u0107enje putem servisa Google Analytics na svim web smjestima, posjetite web stranicu: <\/span><a href=\"https:\/\/tools.google.com\/dlpage\/gaoptout\"><span style=\"font-weight: 400;\">https:\/\/tools.google.com\/dlpage\/gaoptout<\/span><\/a><\/p>\n<ol start=\"5\">\n<li><b>Izmjene na\u0161e politike o kola\u010di\u0107ima<\/b><\/li>\n<\/ol>\n<p><span style=\"font-weight: 400;\">Svaku budu\u0107u izmjenu na\u0161e politike o kola\u010di\u0107ima objavit \u0107emo na ovoj stranici. Molimo vas da povremeno posjetite ovu stranicu radi informiranja o mogu\u0107im izmjenama na\u0161e politike o kola\u010di\u0107ima. Ova politika o kola\u010di\u0107ima posljednji put je izmijenjena <\/span><span style=\"font-weight: 400;\">31. o\u017eujka 2025.<\/span><span style=\"font-weight: 400;\"> godine i zamjenjuje svaku drugu politiku o kola\u010di\u0107ima koja je va\u017eila prije tog datuma.<\/span><\/p>\n<p><b>Kontakt<\/b><\/p>\n<p><span style=\"font-weight: 400;\">Sva pitanja, komentari i zahtjevi vezani uz ovu politiku o kola\u010di\u0107ima su dobrodo\u0161li te ih mo\u017eete uputiti na na\u0161u adresu iz sekcije \u2018Kontakt\u2019.<\/span><\/p>\n","protected":false},"excerpt":{"rendered":"<p>Za ispravan rad ove web stranice, te u svrhu daljnjih unaprje\u0111ivanja servisa, ova web stranica treba na va\u0161e ra\u010dunalo spremiti malenu koli\u010dinu informacija (Kola\u010di\u0107 &#8211; Cookies). Kori\u0161tenjem web stranice dajete svoj pristanak na upotrebu i spremanje kola\u010di\u0107a. Njihovim blokiranjem i dalje mo\u017eete pregledavati stranicu, no neke \u0107e njezine funkcionalnosti biti nedostupne ili limitirane. Na\u0161a politika [&hellip;]<\/p>\n","protected":false},"author":1,"featured_media":0,"parent":0,"menu_order":0,"comment_status":"closed","ping_status":"closed","template":"","meta":{"_acf_changed":false,"footnotes":""},"class_list":["post-2007","page","type-page","status-publish","hentry"],"acf":[],"aioseo_notices":[],"_links":{"self":[{"href":"https:\/\/www.beccaccia.hr\/hr\/wp-json\/wp\/v2\/pages\/2007","targetHints":{"allow":["GET"]}}],"collection":[{"href":"https:\/\/www.beccaccia.hr\/hr\/wp-json\/wp\/v2\/pages"}],"about":[{"href":"https:\/\/www.beccaccia.hr\/hr\/wp-json\/wp\/v2\/types\/page"}],"author":[{"embeddable":true,"href":"https:\/\/www.beccaccia.hr\/hr\/wp-json\/wp\/v2\/users\/1"}],"replies":[{"embeddable":true,"href":"https:\/\/www.beccaccia.hr\/hr\/wp-json\/wp\/v2\/comments?post=2007"}],"version-history":[{"count":1,"href":"https:\/\/www.beccaccia.hr\/hr\/wp-json\/wp\/v2\/pages\/2007\/revisions"}],"predecessor-version":[{"id":2008,"href":"https:\/\/www.beccaccia.hr\/hr\/wp-json\/wp\/v2\/pages\/2007\/revisions\/2008"}],"wp:attachment":[{"href":"https:\/\/www.beccaccia.hr\/hr\/wp-json\/wp\/v2\/media?parent=2007"}],"curies":[{"name":"wp","href":"https:\/\/api.w.org\/{rel}","templated":true}]}}